{"id":69,"date":"2020-01-27T08:05:29","date_gmt":"2020-01-27T11:05:29","guid":{"rendered":"https:\/\/demosites.io\/web-agency-gb\/?page_id=69"},"modified":"2022-07-13T11:50:20","modified_gmt":"2022-07-13T14:50:20","slug":"come-fargli","status":"publish","type":"page","link":"https:\/\/esercizispirituali.com\/?page_id=69","title":{"rendered":"\u00bfCome fargli?"},"content":{"rendered":"\t\t<div data-elementor-type=\"wp-page\" data-elementor-id=\"69\" class=\"elementor elementor-69\" data-elementor-post-type=\"page\">\n\t\t\t\t\t\t<section class=\"elementor-section elementor-top-section elementor-element elementor-element-1b9f718c elementor-section-height-min-height elementor-section-boxed elementor-section-height-default elementor-section-items-middle\" data-id=\"1b9f718c\" data-element_type=\"section\" data-e-type=\"section\" data-settings=\"{&quot;background_background&quot;:&quot;classic&quot;,&quot;shape_divider_bottom&quot;:&quot;arrow&quot;,&quot;shape_divider_bottom_negative&quot;:&quot;yes&quot;}\">\n\t\t\t\t\t\t\t<div class=\"elementor-background-overlay\"><\/div>\n\t\t\t\t\t\t<div class=\"elementor-shape elementor-shape-bottom\" aria-hidden=\"true\" data-negative=\"true\">\n\t\t\t<svg xmlns=\"http:\/\/www.w3.org\/2000\/svg\" viewBox=\"0 0 700 10\" preserveAspectRatio=\"none\">\n\t<path class=\"elementor-shape-fill\" d=\"M360 0L350 9.9 340 0 0 0 0 10 700 10 700 0\"\/>\n<\/svg>\t\t<\/div>\n\t\t\t\t\t<div class=\"elementor-container elementor-column-gap-default\">\n\t\t\t\t\t<div class=\"elementor-column elementor-col-100 elementor-top-column elementor-element elementor-element-6df5dc9c\" data-id=\"6df5dc9c\" data-element_type=\"column\" data-e-type=\"column\">\n\t\t\t<div class=\"elementor-widget-wrap elementor-element-populated\">\n\t\t\t\t\t\t<div class=\"elementor-element elementor-element-92f3c17 elementor-widget elementor-widget-heading\" data-id=\"92f3c17\" data-element_type=\"widget\" data-e-type=\"widget\" data-widget_type=\"heading.default\">\n\t\t\t\t<div class=\"elementor-widget-container\">\n\t\t\t\t\t<h1 class=\"elementor-heading-title elementor-size-default\">\u00bfCome fargli?<\/h1>\t\t\t\t<\/div>\n\t\t\t\t<\/div>\n\t\t\t\t\t<\/div>\n\t\t<\/div>\n\t\t\t\t\t<\/div>\n\t\t<\/section>\n\t\t\t\t<section class=\"elementor-section elementor-top-section elementor-element elementor-element-99afc6c elementor-section-boxed elementor-section-height-default elementor-section-height-default\" data-id=\"99afc6c\" data-element_type=\"section\" data-e-type=\"section\">\n\t\t\t\t\t\t<div class=\"elementor-container elementor-column-gap-default\">\n\t\t\t\t\t<div class=\"elementor-column elementor-col-100 elementor-top-column elementor-element elementor-element-bfda2d0\" data-id=\"bfda2d0\" data-element_type=\"column\" data-e-type=\"column\">\n\t\t\t<div class=\"elementor-widget-wrap elementor-element-populated\">\n\t\t\t\t\t\t<div class=\"elementor-element elementor-element-3e72d43 elementor-widget elementor-widget-heading\" data-id=\"3e72d43\" data-element_type=\"widget\" data-e-type=\"widget\" data-widget_type=\"heading.default\">\n\t\t\t\t<div class=\"elementor-widget-container\">\n\t\t\t\t\t<h2 class=\"elementor-heading-title elementor-size-default\">Come fare gli Esercizi Spirituali attraverso internet?<\/h2>\t\t\t\t<\/div>\n\t\t\t\t<\/div>\n\t\t\t\t<div class=\"elementor-element elementor-element-aca429a elementor-widget elementor-widget-text-editor\" data-id=\"aca429a\" data-element_type=\"widget\" data-e-type=\"widget\" data-widget_type=\"text-editor.default\">\n\t\t\t\t<div class=\"elementor-widget-container\">\n\t\t\t\t\t\t\t\t\t<p class=\"western\" lang=\"es-GT\"><span style=\"color: #000000;\"><span lang=\"it-IT\">Gli Esercizi tipici sono stati pensati per un periodo di 30 giorni, ma lo stesso Sant&#8217;Ignazio offr\u00ec diversi adattamenti, motivo per cui di solito vengono proposte versioni ridotte fino a soli 3 giorni di ritiro.<\/span><\/span><\/p><p class=\"western\" lang=\"es-GT\"><span style=\"color: #000000;\"><span lang=\"it-IT\">La cosa ottima \u00e8 fare gli Esercizi Spirituali in ritiro e in silenzio, anche se siamo convinti che facciamo bene ad adattarli al mondo moderno e renderli disponibili anche per internet, per chi altrimenti non pu\u00f2 accedere agli stessi in un altro modo.<\/span><\/span><\/p><p class=\"western\" lang=\"es-GT\"><span style=\"color: #000000;\"><span lang=\"it-IT\">Ma <\/span><\/span><span style=\"color: #000000;\"><span lang=\"it-IT\"><b>come fare virtualmente questi sacri esercizi?<\/b><\/span><\/span><span style=\"color: #000000;\"><span lang=\"it-IT\"> La prima cosa \u00e8 ricordare che farli in modo virtuale non significa &#8220;irreale&#8221; ma semplicemente che abbiamo uno schermo nel mezzo. Il materiale che utilizziamo per le conferenze e le meditazioni sono costituiti da video pre-registrati (youtube), oppure audio e testi.<\/span><\/span><\/p><p class=\"western\" lang=\"es-GT\"><span style=\"color: #000000;\"><span lang=\"it-IT\">La prima cosa che dobbiamo fare \u00e8 scegliere una modalit\u00e0 in base al tempo che abbiamo a disposizione:<\/span><\/span><\/p><p class=\"western\" lang=\"es-GT\"><span style=\"color: #000000;\"> \u25cf<\/span><span style=\"color: #000000;\"> <span lang=\"it-IT\"><b>&#8220;In ritiro&#8221;<\/b><\/span><\/span><span style=\"color: #000000;\"><span lang=\"it-IT\">, che significa avere dei giorni interi dedicate esclusivamente a Dio, lontano da ogni distrazione esterna (3, 5, 8 giorni&#8230;)<\/span><\/span><\/p><p class=\"western\" lang=\"es-GT\"><span style=\"color: #000000;\"> \u25cf <span lang=\"it-IT\">&#8220;<\/span><\/span><span style=\"color: #000000;\"><span lang=\"it-IT\"><b>Nella vita quotidiana&#8221;<\/b><\/span><\/span><span style=\"color: #000000;\"><span lang=\"it-IT\">, che significa dedicare almeno 1 ora dentro della nostra giornata per offrirla a Dio, mentre continuiamo con le nostre occupazioni quotidiane.<\/span><\/span><\/p><p class=\"western\" lang=\"es-GT\"><span style=\"color: #000000;\"><span lang=\"it-IT\">Di seguito vi diamo le indicazioni per poter fare al meglio questi Esercizi:<\/span><\/span><\/p><p class=\"western\" lang=\"es-GT\"><span style=\"color: #000000;\"><span lang=\"it-IT\">Mi ritiro all&#8217;ora del giorno che pi\u00f9 mi convenga (esercizi nella <\/span><\/span><span style=\"color: #000000;\"><span lang=\"it-IT\"><b>vita quotidiana<\/b><\/span><\/span><span style=\"color: #000000;\"><span lang=\"it-IT\">) o all&#8217;ora che mi corrisponde (esercizi <\/span><\/span><span style=\"color: #000000;\"><span lang=\"it-IT\"><b>in ritito<\/b><\/span><\/span><span style=\"color: #000000;\"><span lang=\"it-IT\">) e <\/span><\/span><span style=\"color: #000000;\"><span style=\"font-family: Apple Color Emoji, serif;\"><span lang=\"it-IT\">\ud83d\udcf2\ud83d\udcbb<\/span><\/span><\/span><span style=\"color: #000000;\"><span lang=\"it-IT\"> guardo (ascolto) il video (audio) che corrisponde. Se si tratta di una &#8220;conferenza spirituale&#8221;, l\u2019esercizio termina dopo aver visto (ascoltato) il video (audio). Se si tratta di &#8220;Punti di meditazione&#8221;, <\/span><\/span><span style=\"color: #000000;\"><span lang=\"it-IT\"><b>dopo<\/b><\/span><\/span><span style=\"color: #000000;\"><span lang=\"it-IT\"> aver visto il video faccio almeno <\/span><\/span><span style=\"color: #000000;\"><span lang=\"it-IT\"><b>30 minuti<\/b><\/span><\/span><span style=\"color: #000000;\"><span lang=\"it-IT\"> di meditazione personale, seguendo questi passi:<\/span><\/span><\/p><p class=\"western\" lang=\"es-GT\" align=\"center\"><span style=\"color: #000000;\">\ud83d\udcf5<\/span> <span style=\"color: #000000;\">\ud83d\udd15<\/span><\/p>\t\t\t\t\t\t\t\t<\/div>\n\t\t\t\t<\/div>\n\t\t\t\t<div class=\"elementor-element elementor-element-3bad4e8 elementor-widget elementor-widget-heading\" data-id=\"3bad4e8\" data-element_type=\"widget\" data-e-type=\"widget\" data-widget_type=\"heading.default\">\n\t\t\t\t<div class=\"elementor-widget-container\">\n\t\t\t\t\t<h2 class=\"elementor-heading-title elementor-size-default\">\nPassi da seguire<\/h2>\t\t\t\t<\/div>\n\t\t\t\t<\/div>\n\t\t\t\t<div class=\"elementor-element elementor-element-522ae2d elementor-widget elementor-widget-accordion\" data-id=\"522ae2d\" data-element_type=\"widget\" data-e-type=\"widget\" data-widget_type=\"accordion.default\">\n\t\t\t\t<div class=\"elementor-widget-container\">\n\t\t\t\t\t\t\t<div class=\"elementor-accordion\">\n\t\t\t\t\t\t\t<div class=\"elementor-accordion-item\">\n\t\t\t\t\t<div id=\"elementor-tab-title-8611\" class=\"elementor-tab-title\" data-tab=\"1\" role=\"button\" aria-controls=\"elementor-tab-content-8611\" aria-expanded=\"false\">\n\t\t\t\t\t\t\t\t\t\t\t\t\t<span class=\"elementor-accordion-icon elementor-accordion-icon-left\" aria-hidden=\"true\">\n\t\t\t\t\t\t\t\t\t\t\t\t\t\t\t<span class=\"elementor-accordion-icon-closed\"><i class=\"fas fa-plus\"><\/i><\/span>\n\t\t\t\t\t\t\t\t<span class=\"elementor-accordion-icon-opened\"><i class=\"fas fa-minus\"><\/i><\/span>\n\t\t\t\t\t\t\t\t\t\t\t\t\t\t<\/span>\n\t\t\t\t\t\t\t\t\t\t\t\t<a class=\"elementor-accordion-title\" tabindex=\"0\">\ud83d\udc49 Preparazione (brevemente all'inizio)<\/a>\n\t\t\t\t\t<\/div>\n\t\t\t\t\t<div id=\"elementor-tab-content-8611\" class=\"elementor-tab-content elementor-clearfix\" data-tab=\"1\" role=\"region\" aria-labelledby=\"elementor-tab-title-8611\"><p class=\"western\" lang=\"es-GT\"><span style=\"color: #000000;\">\u25cf <\/span><span style=\"color: #000000;\">\ud83d\ude4f<\/span><span style=\"color: #000000;\"> <span lang=\"it-IT\">Mi metto in presenza del Signore con la <\/span><\/span><span style=\"color: #000000;\"><span lang=\"it-IT\"><b>preghiera preparatoria<\/b><\/span><\/span><span style=\"color: #000000;\"><span lang=\"it-IT\"> EE[46] &#8220;<\/span><\/span> <span style=\"color: #000000;\"><span lang=\"it-IT\">chiedere a Dio nostro Signore la grazia che tutte le mie intenzioni, le mie attivit\u00e0 esterne e le mie operazioni interiori tendano unicamente al servizio e alla lode della sua divina Maest\u00e0&#8221;<\/span><\/span><\/p><p class=\"western\" lang=\"es-GT\"><span style=\"color: #000000;\"> \u25cf <\/span><span style=\"color: #000000;\">\ud83d\udcdc<\/span> <span style=\"color: #000000;\"><span lang=\"it-IT\"><b>preludio\/preambolo<\/b><\/span><\/span><span style=\"color: #000000;\"><span lang=\"it-IT\">: Sant&#8217;Ignazio propone una scena\/racconto di ci\u00f2 che si medita o si contempla, e &#8220;la composizione vedendo il luogo&#8221; e talvolta &#8220;applicazione dei sensi&#8221;: immaginare un luogo fisico e osservare, ascoltare, odorare con i nostri sensi.<\/span><\/span><\/p><p class=\"western\" lang=\"es-GT\"><span style=\"color: #000000;\"> \u25cf <\/span><span style=\"color: #000000;\">\ud83d\udccc<\/span><span style=\"color: #000000;\"><span lang=\"it-IT\"><b>petizione<\/b><\/span><\/span><span style=\"color: #000000;\"><span lang=\"it-IT\">: chiedere a Dio ci\u00f2 che voglio e desidero ottenere attraverso questa meditazione o contemplazione.<\/span><\/span><\/p><\/div>\n\t\t\t\t<\/div>\n\t\t\t\t\t\t\t<div class=\"elementor-accordion-item\">\n\t\t\t\t\t<div id=\"elementor-tab-title-8612\" class=\"elementor-tab-title\" data-tab=\"2\" role=\"button\" aria-controls=\"elementor-tab-content-8612\" aria-expanded=\"false\">\n\t\t\t\t\t\t\t\t\t\t\t\t\t<span class=\"elementor-accordion-icon elementor-accordion-icon-left\" aria-hidden=\"true\">\n\t\t\t\t\t\t\t\t\t\t\t\t\t\t\t<span class=\"elementor-accordion-icon-closed\"><i class=\"fas fa-plus\"><\/i><\/span>\n\t\t\t\t\t\t\t\t<span class=\"elementor-accordion-icon-opened\"><i class=\"fas fa-minus\"><\/i><\/span>\n\t\t\t\t\t\t\t\t\t\t\t\t\t\t<\/span>\n\t\t\t\t\t\t\t\t\t\t\t\t<a class=\"elementor-accordion-title\" tabindex=\"0\">\u23f3Meditazione (la maggior parte dei 30 minuti)<\/a>\n\t\t\t\t\t<\/div>\n\t\t\t\t\t<div id=\"elementor-tab-content-8612\" class=\"elementor-tab-content elementor-clearfix\" data-tab=\"2\" role=\"region\" aria-labelledby=\"elementor-tab-title-8612\"><p><span style=\"color: #000000;\"><span lang=\"it-IT\">Meditare sull&#8217;argomento da trattare, a volte suddiviso in punti, esercitando i tre poteri: la memoria, l\u2019intelligenza e la volont\u00e0. Se si tratta di una contemplazione, bisogner\u00e0 usare di pi\u00f9 l&#8217;immaginazione ed essere \u201cl\u00ec\u201d, nel mistero che si contempla \u201cfacendomi io poverello e indegno\u201d.<\/span><\/span><\/p><\/div>\n\t\t\t\t<\/div>\n\t\t\t\t\t\t\t<div class=\"elementor-accordion-item\">\n\t\t\t\t\t<div id=\"elementor-tab-title-8613\" class=\"elementor-tab-title\" data-tab=\"3\" role=\"button\" aria-controls=\"elementor-tab-content-8613\" aria-expanded=\"false\">\n\t\t\t\t\t\t\t\t\t\t\t\t\t<span class=\"elementor-accordion-icon elementor-accordion-icon-left\" aria-hidden=\"true\">\n\t\t\t\t\t\t\t\t\t\t\t\t\t\t\t<span class=\"elementor-accordion-icon-closed\"><i class=\"fas fa-plus\"><\/i><\/span>\n\t\t\t\t\t\t\t\t<span class=\"elementor-accordion-icon-opened\"><i class=\"fas fa-minus\"><\/i><\/span>\n\t\t\t\t\t\t\t\t\t\t\t\t\t\t<\/span>\n\t\t\t\t\t\t\t\t\t\t\t\t<a class=\"elementor-accordion-title\" tabindex=\"0\">\ud83d\udea9Conclusione - Colloqui\ud83d\udcac<\/a>\n\t\t\t\t\t<\/div>\n\t\t\t\t\t<div id=\"elementor-tab-content-8613\" class=\"elementor-tab-content elementor-clearfix\" data-tab=\"3\" role=\"region\" aria-labelledby=\"elementor-tab-title-8613\"><p><span style=\"color: #000000;\"><span lang=\"it-IT\">(EE [54]) \u00c8 il momento pi\u00f9 importante, la preghiera affettiva con la Beata Vergine e\/o con Nostro Signore Ges\u00f9 Cristo e\/o con il Padre celeste, parlando come un amico parla con un altro, con la fiducia con cui un figlio parla col padre, come servo al suo padrone, ora chiedendo qualche grazia, ora incolpandosi di aver fatto qualche male, ora comunicando le proprie cose e chiedendo consiglio su di esse. Tutta la meditazione o contemplazione \u00e8 ordinata a questo momento.<\/span><\/span><\/p><\/div>\n\t\t\t\t<\/div>\n\t\t\t\t\t\t\t<div class=\"elementor-accordion-item\">\n\t\t\t\t\t<div id=\"elementor-tab-title-8614\" class=\"elementor-tab-title\" data-tab=\"4\" role=\"button\" aria-controls=\"elementor-tab-content-8614\" aria-expanded=\"false\">\n\t\t\t\t\t\t\t\t\t\t\t\t\t<span class=\"elementor-accordion-icon elementor-accordion-icon-left\" aria-hidden=\"true\">\n\t\t\t\t\t\t\t\t\t\t\t\t\t\t\t<span class=\"elementor-accordion-icon-closed\"><i class=\"fas fa-plus\"><\/i><\/span>\n\t\t\t\t\t\t\t\t<span class=\"elementor-accordion-icon-opened\"><i class=\"fas fa-minus\"><\/i><\/span>\n\t\t\t\t\t\t\t\t\t\t\t\t\t\t<\/span>\n\t\t\t\t\t\t\t\t\t\t\t\t<a class=\"elementor-accordion-title\" tabindex=\"0\">\u2753Esaminare la nostra meditazione<\/a>\n\t\t\t\t\t<\/div>\n\t\t\t\t\t<div id=\"elementor-tab-content-8614\" class=\"elementor-tab-content elementor-clearfix\" data-tab=\"4\" role=\"region\" aria-labelledby=\"elementor-tab-title-8614\"><p><span style=\"color: #000000;\"><span lang=\"it-IT\">(EE [77]) Come mi \u00e8 andata nella contemplazione o meditazione? Se male, cercher\u00f2 la causa da cui deriva e, una volta individuata, mi pentir\u00f2 per emendarmi in avvenire; se bene, render\u00f2 grazie a Dio nostro Signore; e un\u2019altra volta far\u00f2 allo stesso modo.<\/span><\/span><\/p><\/div>\n\t\t\t\t<\/div>\n\t\t\t\t\t\t\t\t<\/div>\n\t\t\t\t\t\t<\/div>\n\t\t\t\t<\/div>\n\t\t\t\t\t<\/div>\n\t\t<\/div>\n\t\t\t\t\t<\/div>\n\t\t<\/section>\n\t\t\t\t<\/div>\n\t\t","protected":false},"excerpt":{"rendered":"<p>\u00bfCome fargli? Come fare gli Esercizi Spirituali attraverso internet? Gli Esercizi tipici sono stati pensati per un periodo di 30 giorni, ma lo stesso Sant&#8217;Ignazio offr\u00ec diversi adattamenti, motivo per cui di solito vengono proposte versioni ridotte fino a soli 3 giorni di ritiro. La cosa ottima \u00e8 fare gli Esercizi Spirituali in ritiro e [&hellip;]<\/p>\n","protected":false},"author":1,"featured_media":0,"parent":0,"menu_order":0,"comment_status":"closed","ping_status":"closed","template":"","meta":{"footnotes":""},"class_list":["post-69","page","type-page","status-publish","hentry"],"yoast_head":"<!-- This site is optimized with the Yoast SEO plugin v27.3 - https:\/\/yoast.com\/product\/yoast-seo-wordpress\/ -->\n<title>\u00bfCome fargli? - Esercizi Spirituali<\/title>\n<meta name=\"robots\" content=\"index, follow, max-snippet:-1, max-image-preview:large, max-video-preview:-1\" \/>\n<link rel=\"canonical\" href=\"https:\/\/esercizispirituali.com\/?page_id=69\" \/>\n<meta property=\"og:locale\" content=\"it_IT\" \/>\n<meta property=\"og:type\" content=\"article\" \/>\n<meta property=\"og:title\" content=\"\u00bfCome fargli? - Esercizi Spirituali\" \/>\n<meta property=\"og:description\" content=\"\u00bfCome fargli? Come fare gli Esercizi Spirituali attraverso internet? Gli Esercizi tipici sono stati pensati per un periodo di 30 giorni, ma lo stesso Sant&#8217;Ignazio offr\u00ec diversi adattamenti, motivo per cui di solito vengono proposte versioni ridotte fino a soli 3 giorni di ritiro. La cosa ottima \u00e8 fare gli Esercizi Spirituali in ritiro e [&hellip;]\" \/>\n<meta property=\"og:url\" content=\"https:\/\/esercizispirituali.com\/?page_id=69\" \/>\n<meta property=\"og:site_name\" content=\"Esercizi Spirituali\" \/>\n<meta property=\"article:modified_time\" content=\"2022-07-13T14:50:20+00:00\" \/>\n<meta name=\"twitter:card\" content=\"summary_large_image\" \/>\n<meta name=\"twitter:label1\" content=\"Tempo di lettura stimato\" \/>\n\t<meta name=\"twitter:data1\" content=\"3 minuti\" \/>\n<script type=\"application\/ld+json\" class=\"yoast-schema-graph\">{\"@context\":\"https:\\\/\\\/schema.org\",\"@graph\":[{\"@type\":\"WebPage\",\"@id\":\"https:\\\/\\\/esercizispirituali.com\\\/?page_id=69\",\"url\":\"https:\\\/\\\/esercizispirituali.com\\\/?page_id=69\",\"name\":\"\u00bfCome fargli? - Esercizi Spirituali\",\"isPartOf\":{\"@id\":\"https:\\\/\\\/esercizispirituali.com\\\/#website\"},\"datePublished\":\"2020-01-27T11:05:29+00:00\",\"dateModified\":\"2022-07-13T14:50:20+00:00\",\"breadcrumb\":{\"@id\":\"https:\\\/\\\/esercizispirituali.com\\\/?page_id=69#breadcrumb\"},\"inLanguage\":\"it-IT\",\"potentialAction\":[{\"@type\":\"ReadAction\",\"target\":[\"https:\\\/\\\/esercizispirituali.com\\\/?page_id=69\"]}]},{\"@type\":\"BreadcrumbList\",\"@id\":\"https:\\\/\\\/esercizispirituali.com\\\/?page_id=69#breadcrumb\",\"itemListElement\":[{\"@type\":\"ListItem\",\"position\":1,\"name\":\"Inicio\",\"item\":\"https:\\\/\\\/esercizispirituali.com\\\/\"},{\"@type\":\"ListItem\",\"position\":2,\"name\":\"\u00bfCome fargli?\"}]},{\"@type\":\"WebSite\",\"@id\":\"https:\\\/\\\/esercizispirituali.com\\\/#website\",\"url\":\"https:\\\/\\\/esercizispirituali.com\\\/\",\"name\":\"Esercizi Spirituali\",\"description\":\"secondo Sant&#039;Ignazio di Loyola\",\"publisher\":{\"@id\":\"https:\\\/\\\/esercizispirituali.com\\\/#organization\"},\"potentialAction\":[{\"@type\":\"SearchAction\",\"target\":{\"@type\":\"EntryPoint\",\"urlTemplate\":\"https:\\\/\\\/esercizispirituali.com\\\/?s={search_term_string}\"},\"query-input\":{\"@type\":\"PropertyValueSpecification\",\"valueRequired\":true,\"valueName\":\"search_term_string\"}}],\"inLanguage\":\"it-IT\"},{\"@type\":\"Organization\",\"@id\":\"https:\\\/\\\/esercizispirituali.com\\\/#organization\",\"name\":\"Esercizi Spirituali\",\"url\":\"https:\\\/\\\/esercizispirituali.com\\\/\",\"logo\":{\"@type\":\"ImageObject\",\"inLanguage\":\"it-IT\",\"@id\":\"https:\\\/\\\/esercizispirituali.com\\\/#\\\/schema\\\/logo\\\/image\\\/\",\"url\":\"https:\\\/\\\/esercizispirituali.com\\\/wp-content\\\/uploads\\\/2022\\\/07\\\/cropped-Logo-ee-italiano-1.png\",\"contentUrl\":\"https:\\\/\\\/esercizispirituali.com\\\/wp-content\\\/uploads\\\/2022\\\/07\\\/cropped-Logo-ee-italiano-1.png\",\"width\":512,\"height\":512,\"caption\":\"Esercizi Spirituali\"},\"image\":{\"@id\":\"https:\\\/\\\/esercizispirituali.com\\\/#\\\/schema\\\/logo\\\/image\\\/\"}}]}<\/script>\n<!-- \/ Yoast SEO plugin. -->","yoast_head_json":{"title":"\u00bfCome fargli? - Esercizi Spirituali","robots":{"index":"index","follow":"follow","max-snippet":"max-snippet:-1","max-image-preview":"max-image-preview:large","max-video-preview":"max-video-preview:-1"},"canonical":"https:\/\/esercizispirituali.com\/?page_id=69","og_locale":"it_IT","og_type":"article","og_title":"\u00bfCome fargli? - Esercizi Spirituali","og_description":"\u00bfCome fargli? Come fare gli Esercizi Spirituali attraverso internet? Gli Esercizi tipici sono stati pensati per un periodo di 30 giorni, ma lo stesso Sant&#8217;Ignazio offr\u00ec diversi adattamenti, motivo per cui di solito vengono proposte versioni ridotte fino a soli 3 giorni di ritiro. La cosa ottima \u00e8 fare gli Esercizi Spirituali in ritiro e [&hellip;]","og_url":"https:\/\/esercizispirituali.com\/?page_id=69","og_site_name":"Esercizi Spirituali","article_modified_time":"2022-07-13T14:50:20+00:00","twitter_card":"summary_large_image","twitter_misc":{"Tempo di lettura stimato":"3 minuti"},"schema":{"@context":"https:\/\/schema.org","@graph":[{"@type":"WebPage","@id":"https:\/\/esercizispirituali.com\/?page_id=69","url":"https:\/\/esercizispirituali.com\/?page_id=69","name":"\u00bfCome fargli? - Esercizi Spirituali","isPartOf":{"@id":"https:\/\/esercizispirituali.com\/#website"},"datePublished":"2020-01-27T11:05:29+00:00","dateModified":"2022-07-13T14:50:20+00:00","breadcrumb":{"@id":"https:\/\/esercizispirituali.com\/?page_id=69#breadcrumb"},"inLanguage":"it-IT","potentialAction":[{"@type":"ReadAction","target":["https:\/\/esercizispirituali.com\/?page_id=69"]}]},{"@type":"BreadcrumbList","@id":"https:\/\/esercizispirituali.com\/?page_id=69#breadcrumb","itemListElement":[{"@type":"ListItem","position":1,"name":"Inicio","item":"https:\/\/esercizispirituali.com\/"},{"@type":"ListItem","position":2,"name":"\u00bfCome fargli?"}]},{"@type":"WebSite","@id":"https:\/\/esercizispirituali.com\/#website","url":"https:\/\/esercizispirituali.com\/","name":"Esercizi Spirituali","description":"secondo Sant&#039;Ignazio di Loyola","publisher":{"@id":"https:\/\/esercizispirituali.com\/#organization"},"potentialAction":[{"@type":"SearchAction","target":{"@type":"EntryPoint","urlTemplate":"https:\/\/esercizispirituali.com\/?s={search_term_string}"},"query-input":{"@type":"PropertyValueSpecification","valueRequired":true,"valueName":"search_term_string"}}],"inLanguage":"it-IT"},{"@type":"Organization","@id":"https:\/\/esercizispirituali.com\/#organization","name":"Esercizi Spirituali","url":"https:\/\/esercizispirituali.com\/","logo":{"@type":"ImageObject","inLanguage":"it-IT","@id":"https:\/\/esercizispirituali.com\/#\/schema\/logo\/image\/","url":"https:\/\/esercizispirituali.com\/wp-content\/uploads\/2022\/07\/cropped-Logo-ee-italiano-1.png","contentUrl":"https:\/\/esercizispirituali.com\/wp-content\/uploads\/2022\/07\/cropped-Logo-ee-italiano-1.png","width":512,"height":512,"caption":"Esercizi Spirituali"},"image":{"@id":"https:\/\/esercizispirituali.com\/#\/schema\/logo\/image\/"}}]}},"jetpack-related-posts":[{"id":307,"url":"https:\/\/esercizispirituali.com\/","url_meta":{"origin":69,"position":0},"title":"Inizio","author":"administrador","date":"13 Gennaio, 2020","format":false,"excerpt":"\u201cGli Esercizi Spirituali sono quanto di meglio possa pensare, sentire e comprendere in questa vita, sia perch\u00e9 l\u2019uomo possa giovare a se stesso, sia perch\u00e9 possa portare frutto, aiutare e giovare a molti altri\u201d Sant\u2019Ignazio di Loyola Approfitta di questa QuaresimaFai gli esercizi spirituali onlinea partire dal Mercoled\u00ec delle Ceneri\u2026","rel":"","context":"Articolo simile","block_context":{"text":"Articolo simile","link":""},"img":{"alt_text":"","src":"https:\/\/i0.wp.com\/esercizispirituali.com\/wp-content\/uploads\/2021\/08\/Front03.jpg?resize=350%2C200&ssl=1","width":350,"height":200,"srcset":"https:\/\/i0.wp.com\/esercizispirituali.com\/wp-content\/uploads\/2021\/08\/Front03.jpg?resize=350%2C200&ssl=1 1x, https:\/\/i0.wp.com\/esercizispirituali.com\/wp-content\/uploads\/2021\/08\/Front03.jpg?resize=525%2C300&ssl=1 1.5x, https:\/\/i0.wp.com\/esercizispirituali.com\/wp-content\/uploads\/2021\/08\/Front03.jpg?resize=700%2C400&ssl=1 2x"},"classes":[]},{"id":61,"url":"https:\/\/esercizispirituali.com\/?page_id=61","url_meta":{"origin":69,"position":1},"title":"Cosa sono","author":"administrador","date":"23 Gennaio, 2020","format":false,"excerpt":"\u00bfCosa sono? Cosa sono gli Esercizi Spirituali? Il mondo moderno sta conducendo un ritmo sempre pi\u00f9 accelerato, un ritmo agitato che indebolisce l'uomo per essere in grado di affrontare le difficolt\u00e0 che incontra nella sua vita quotidiana, impedendogli di vedere chiaramente la sua fine. Convinti di quanto sia benefico dedicare\u2026","rel":"","context":"Articolo simile","block_context":{"text":"Articolo simile","link":""},"img":{"alt_text":"","src":"https:\/\/i0.wp.com\/esercizispirituali.com\/wp-content\/uploads\/2022\/07\/00002.jpg?resize=350%2C200&ssl=1","width":350,"height":200,"srcset":"https:\/\/i0.wp.com\/esercizispirituali.com\/wp-content\/uploads\/2022\/07\/00002.jpg?resize=350%2C200&ssl=1 1x, https:\/\/i0.wp.com\/esercizispirituali.com\/wp-content\/uploads\/2022\/07\/00002.jpg?resize=525%2C300&ssl=1 1.5x, https:\/\/i0.wp.com\/esercizispirituali.com\/wp-content\/uploads\/2022\/07\/00002.jpg?resize=700%2C400&ssl=1 2x, https:\/\/i0.wp.com\/esercizispirituali.com\/wp-content\/uploads\/2022\/07\/00002.jpg?resize=1050%2C600&ssl=1 3x, https:\/\/i0.wp.com\/esercizispirituali.com\/wp-content\/uploads\/2022\/07\/00002.jpg?resize=1400%2C800&ssl=1 4x"},"classes":[]},{"id":527,"url":"https:\/\/esercizispirituali.com\/?page_id=527","url_meta":{"origin":69,"position":2},"title":"Scegli una modalit\u00e0","author":"administrador","date":"3 Agosto, 2021","format":false,"excerpt":"Scegli una modalit\u00e0 Contattaci \"Faccia qualsiasi sacrificio per assistere agli Esercizi perch\u00e9 niente al mondo pu\u00f2 essere pi\u00f9 importante della conoscenza della volont\u00e0 di Dio\" Sant\u2019Alberto Hurtado","rel":"","context":"Articolo simile","block_context":{"text":"Articolo simile","link":""},"img":{"alt_text":"","src":"https:\/\/i0.wp.com\/esercizispirituali.com\/wp-content\/uploads\/2021\/08\/San-Alberto-Hurtado.jpg?resize=350%2C200&ssl=1","width":350,"height":200},"classes":[]}],"jetpack_sharing_enabled":true,"_links":{"self":[{"href":"https:\/\/esercizispirituali.com\/index.php?rest_route=\/wp\/v2\/pages\/69","targetHints":{"allow":["GET"]}}],"collection":[{"href":"https:\/\/esercizispirituali.com\/index.php?rest_route=\/wp\/v2\/pages"}],"about":[{"href":"https:\/\/esercizispirituali.com\/index.php?rest_route=\/wp\/v2\/types\/page"}],"author":[{"embeddable":true,"href":"https:\/\/esercizispirituali.com\/index.php?rest_route=\/wp\/v2\/users\/1"}],"replies":[{"embeddable":true,"href":"https:\/\/esercizispirituali.com\/index.php?rest_route=%2Fwp%2Fv2%2Fcomments&post=69"}],"version-history":[{"count":34,"href":"https:\/\/esercizispirituali.com\/index.php?rest_route=\/wp\/v2\/pages\/69\/revisions"}],"predecessor-version":[{"id":897,"href":"https:\/\/esercizispirituali.com\/index.php?rest_route=\/wp\/v2\/pages\/69\/revisions\/897"}],"wp:attachment":[{"href":"https:\/\/esercizispirituali.com\/index.php?rest_route=%2Fwp%2Fv2%2Fmedia&parent=69"}],"curies":[{"name":"wp","href":"https:\/\/api.w.org\/{rel}","templated":true}]}}