{"id":527,"date":"2021-08-03T09:36:06","date_gmt":"2021-08-03T12:36:06","guid":{"rendered":"https:\/\/mini.ejerciciosive.org\/?page_id=527"},"modified":"2022-07-13T11:55:57","modified_gmt":"2022-07-13T14:55:57","slug":"modalita","status":"publish","type":"page","link":"https:\/\/esercizispirituali.com\/?page_id=527","title":{"rendered":"Scegli una modalit\u00e0"},"content":{"rendered":"\t\t<div data-elementor-type=\"wp-page\" data-elementor-id=\"527\" class=\"elementor elementor-527\" data-elementor-post-type=\"page\">\n\t\t\t\t\t\t<section class=\"elementor-section elementor-top-section elementor-element elementor-element-5755d73b elementor-section-height-min-height elementor-section-boxed elementor-section-height-default elementor-section-items-middle\" data-id=\"5755d73b\" data-element_type=\"section\" data-e-type=\"section\" data-settings=\"{&quot;background_background&quot;:&quot;classic&quot;,&quot;shape_divider_bottom&quot;:&quot;arrow&quot;,&quot;shape_divider_bottom_negative&quot;:&quot;yes&quot;}\">\n\t\t\t\t\t\t\t<div class=\"elementor-background-overlay\"><\/div>\n\t\t\t\t\t\t<div class=\"elementor-shape elementor-shape-bottom\" aria-hidden=\"true\" data-negative=\"true\">\n\t\t\t<svg xmlns=\"http:\/\/www.w3.org\/2000\/svg\" viewBox=\"0 0 700 10\" preserveAspectRatio=\"none\">\n\t<path class=\"elementor-shape-fill\" d=\"M360 0L350 9.9 340 0 0 0 0 10 700 10 700 0\"\/>\n<\/svg>\t\t<\/div>\n\t\t\t\t\t<div class=\"elementor-container elementor-column-gap-default\">\n\t\t\t\t\t<div class=\"elementor-column elementor-col-100 elementor-top-column elementor-element elementor-element-7db3932\" data-id=\"7db3932\" data-element_type=\"column\" data-e-type=\"column\">\n\t\t\t<div class=\"elementor-widget-wrap elementor-element-populated\">\n\t\t\t\t\t\t<div class=\"elementor-element elementor-element-291913c elementor-widget elementor-widget-heading\" data-id=\"291913c\" data-element_type=\"widget\" data-e-type=\"widget\" data-widget_type=\"heading.default\">\n\t\t\t\t<div class=\"elementor-widget-container\">\n\t\t\t\t\t<h1 class=\"elementor-heading-title elementor-size-default\">Scegli una modalit\u00e0<\/h1>\t\t\t\t<\/div>\n\t\t\t\t<\/div>\n\t\t\t\t\t<\/div>\n\t\t<\/div>\n\t\t\t\t\t<\/div>\n\t\t<\/section>\n\t\t\t\t<section class=\"elementor-section elementor-top-section elementor-element elementor-element-8de3121 elementor-section-full_width elementor-section-height-default elementor-section-height-default\" data-id=\"8de3121\" data-element_type=\"section\" data-e-type=\"section\">\n\t\t\t\t\t\t<div class=\"elementor-container elementor-column-gap-default\">\n\t\t\t\t\t<div class=\"elementor-column elementor-col-100 elementor-top-column elementor-element elementor-element-b84c1b6\" data-id=\"b84c1b6\" data-element_type=\"column\" data-e-type=\"column\">\n\t\t\t<div class=\"elementor-widget-wrap elementor-element-populated\">\n\t\t\t\t\t\t<div class=\"elementor-element elementor-element-3362540 elementor-widget elementor-widget-shortcode\" data-id=\"3362540\" data-element_type=\"widget\" data-e-type=\"widget\" data-widget_type=\"shortcode.default\">\n\t\t\t\t<div class=\"elementor-widget-container\">\n\t\t\t\t\t\t\t<div class=\"elementor-shortcode\"><div id=\"ld-course-list-content-dfca6f878dc3ee7f28eff45ef7b688d2\" class=\"ld-course-list-content\" data-shortcode-atts=\"{&quot;col&quot;:&quot;4&quot;}\">\n\t\t\t<div class=\"ld-course-list-items row\">\n\t<!-- LearnDash Course Grid v1 --><div class=\"ld_course_grid col-sm-6 col-md-3 \">\n\t<article id=\"post-974\" class=\" thumbnail course post-974 sfwd-courses type-sfwd-courses status-publish has-post-thumbnail hentry\">\n\t\t\t\t\t\t\t\t<div class=\"ribbon free\">\n\t\t\t\tGratis\t\t\t<\/div>\n\t\t\t\n\t\t\t\t\t\t<a\n\t\t\t\taria-hidden=\"true\"\n\t\t\t\thref=\"https:\/\/esercizispirituali.com\/?sfwd-courses=esercizi-spirituali-online-2025\"\n\t\t\t\ttabindex=\"-1\"\n\t\t\t>\n\t\t\t\t<img fetchpriority=\"high\" decoding=\"async\" width=\"300\" height=\"260\" src=\"https:\/\/esercizispirituali.com\/wp-content\/uploads\/2025\/03\/esercizi.jpg\" class=\"attachment-medium size-medium wp-post-image\" alt=\"Esercizi Spirituali Online 2025\" \/>\t\t\t<\/a>\n\t\t\t\t\t\n\t\t\t\t\t<div class=\"caption\">\n\t\t\t\t<h3 class=\"entry-title\">Esercizi Spirituali Online 2025<\/h3>\n\t\t\t\t\t\t\t\t<div class=\"ld_course_grid_button\">\n\t\t\t\t\t<a\n\t\t\t\t\t\taria-label=\"Continue Study: Esercizi Spirituali Online 2025\"\n\t\t\t\t\t\tclass=\"btn btn-primary\"\n\t\t\t\t\t\thref=\"https:\/\/esercizispirituali.com\/?sfwd-courses=esercizi-spirituali-online-2025\"\n\t\t\t\t\t>\n\t\t\t\t\t\tContinue Study\t\t\t\t\t<\/a>\n\t\t\t\t<\/div>\n\t\t\t\t\t\t\t<\/div><!-- .entry-header -->\n\t\t\t<\/article><!-- #post-## -->\n<\/div><!-- .ld_course_grid -->\n<!-- LearnDash Course Grid v1 --><div class=\"ld_course_grid col-sm-6 col-md-3 \">\n\t<article id=\"post-735\" class=\" thumbnail course post-735 sfwd-courses type-sfwd-courses status-publish has-post-thumbnail hentry\">\n\t\t\t\t\t\t\t\t<div class=\"ribbon free\">\n\t\t\t\tGratis\t\t\t<\/div>\n\t\t\t\n\t\t\t\t\t\t<a\n\t\t\t\taria-hidden=\"true\"\n\t\t\t\thref=\"https:\/\/esercizispirituali.com\/?sfwd-courses=esercizi-spirituali-di-cinque-giorni-p-tomas-bonello\"\n\t\t\t\ttabindex=\"-1\"\n\t\t\t>\n\t\t\t\t<img decoding=\"async\" width=\"300\" height=\"260\" src=\"https:\/\/esercizispirituali.com\/wp-content\/uploads\/2022\/07\/1f-300x260.jpg\" class=\"attachment-medium size-medium wp-post-image\" alt=\"Esercizi Spirituali di cinque giorni &#8211; P. Tom\u00e1s Bonello\" \/>\t\t\t<\/a>\n\t\t\t\t\t\n\t\t\t\t\t<div class=\"caption\">\n\t\t\t\t<h3 class=\"entry-title\">Esercizi Spirituali di cinque giorni &#8211; P. Tom\u00e1s Bonello<\/h3>\n\t\t\t\t\t\t\t\t<div class=\"ld_course_grid_button\">\n\t\t\t\t\t<a\n\t\t\t\t\t\taria-label=\"Continue Study: Esercizi Spirituali di cinque giorni &#8211; P. Tom\u00e1s Bonello\"\n\t\t\t\t\t\tclass=\"btn btn-primary\"\n\t\t\t\t\t\thref=\"https:\/\/esercizispirituali.com\/?sfwd-courses=esercizi-spirituali-di-cinque-giorni-p-tomas-bonello\"\n\t\t\t\t\t>\n\t\t\t\t\t\tContinue Study\t\t\t\t\t<\/a>\n\t\t\t\t<\/div>\n\t\t\t\t\t\t\t<\/div><!-- .entry-header -->\n\t\t\t<\/article><!-- #post-## -->\n<\/div><!-- .ld_course_grid -->\n\t<\/div>\n\t\t\t<\/div>\n\t\t<\/div>\n\t\t\t\t\t\t<\/div>\n\t\t\t\t<\/div>\n\t\t\t\t\t<\/div>\n\t\t<\/div>\n\t\t\t\t\t<\/div>\n\t\t<\/section>\n\t\t\t\t<section class=\"elementor-section elementor-top-section elementor-element elementor-element-1e4de409 elementor-section-boxed elementor-section-height-default elementor-section-height-default\" data-id=\"1e4de409\" data-element_type=\"section\" data-e-type=\"section\" id=\"contact\" data-settings=\"{&quot;background_background&quot;:&quot;gradient&quot;,&quot;shape_divider_bottom&quot;:&quot;arrow&quot;,&quot;shape_divider_bottom_negative&quot;:&quot;yes&quot;}\">\n\t\t\t\t\t<div class=\"elementor-shape elementor-shape-bottom\" aria-hidden=\"true\" data-negative=\"true\">\n\t\t\t<svg xmlns=\"http:\/\/www.w3.org\/2000\/svg\" viewBox=\"0 0 700 10\" preserveAspectRatio=\"none\">\n\t<path class=\"elementor-shape-fill\" d=\"M360 0L350 9.9 340 0 0 0 0 10 700 10 700 0\"\/>\n<\/svg>\t\t<\/div>\n\t\t\t\t\t<div class=\"elementor-container elementor-column-gap-default\">\n\t\t\t\t\t<div class=\"elementor-column elementor-col-100 elementor-top-column elementor-element elementor-element-5e83eca7\" data-id=\"5e83eca7\" data-element_type=\"column\" data-e-type=\"column\">\n\t\t\t<div class=\"elementor-widget-wrap elementor-element-populated\">\n\t\t\t\t\t\t<div class=\"elementor-element elementor-element-211aa00f elementor-widget elementor-widget-heading\" data-id=\"211aa00f\" data-element_type=\"widget\" data-e-type=\"widget\" data-widget_type=\"heading.default\">\n\t\t\t\t<div class=\"elementor-widget-container\">\n\t\t\t\t\t<h3 class=\"elementor-heading-title elementor-size-default\"><span style=\"white-space: normal;background-color: transparent\">Contattaci<\/span><\/h3>\t\t\t\t<\/div>\n\t\t\t\t<\/div>\n\t\t\t\t<div class=\"elementor-element elementor-element-2f5d90a6 elementor-widget elementor-widget-wpforms\" data-id=\"2f5d90a6\" data-element_type=\"widget\" data-e-type=\"widget\" data-widget_type=\"wpforms.default\">\n\t\t\t\t<div class=\"elementor-widget-container\">\n\t\t\t\t\t<div class=\"wpforms-container wpforms-container-full\" id=\"wpforms-405\"><form id=\"wpforms-form-405\" class=\"wpforms-validate wpforms-form wpforms-ajax-form\" data-formid=\"405\" method=\"post\" enctype=\"multipart\/form-data\" action=\"\/index.php?rest_route=%2Fwp%2Fv2%2Fpages%2F527\" data-token=\"e5cf06f29df5aca73cd959fbb654f707\" data-token-time=\"1776412292\"><noscript class=\"wpforms-error-noscript\">Abilita JavaScript nel browser per completare questo modulo.<\/noscript><div class=\"wpforms-field-container\"><div id=\"wpforms-405-field_0-container\" class=\"wpforms-field wpforms-field-name\" data-field-id=\"0\"><label class=\"wpforms-field-label\" for=\"wpforms-405-field_0\">Nome <span class=\"wpforms-required-label\">*<\/span><\/label><input type=\"text\" id=\"wpforms-405-field_0\" class=\"wpforms-field-medium wpforms-field-required\" name=\"wpforms[fields][0]\" required><\/div><div id=\"wpforms-405-field_1-container\" class=\"wpforms-field wpforms-field-email\" data-field-id=\"1\"><label class=\"wpforms-field-label\" for=\"wpforms-405-field_1\">Email <span class=\"wpforms-required-label\">*<\/span><\/label><input type=\"email\" id=\"wpforms-405-field_1\" class=\"wpforms-field-medium wpforms-field-required\" name=\"wpforms[fields][1]\" spellcheck=\"false\" required><\/div><div id=\"wpforms-405-field_3-container\" class=\"wpforms-field wpforms-field-radio\" data-field-id=\"3\"><label class=\"wpforms-field-label\">Affare<\/label><ul id=\"wpforms-405-field_3\"><li class=\"choice-1 depth-1\"><input type=\"radio\" id=\"wpforms-405-field_3_1\" name=\"wpforms[fields][3]\" value=\"Per un sacerdote\"  ><label class=\"wpforms-field-label-inline\" for=\"wpforms-405-field_3_1\">Per un sacerdote<\/label><\/li><li class=\"choice-2 depth-1\"><input type=\"radio\" id=\"wpforms-405-field_3_2\" name=\"wpforms[fields][3]\" value=\"Per assistenza tecnica\"  ><label class=\"wpforms-field-label-inline\" for=\"wpforms-405-field_3_2\">Per assistenza tecnica<\/label><\/li><li class=\"choice-3 depth-1\"><input type=\"radio\" id=\"wpforms-405-field_3_3\" name=\"wpforms[fields][3]\" value=\"Altro\"  ><label class=\"wpforms-field-label-inline\" for=\"wpforms-405-field_3_3\">Altro<\/label><\/li><\/ul><\/div><div id=\"wpforms-405-field_2-container\" class=\"wpforms-field wpforms-field-textarea\" data-field-id=\"2\"><label class=\"wpforms-field-label\" for=\"wpforms-405-field_2\">Commento o Messaggio <span class=\"wpforms-required-label\">*<\/span><\/label><textarea id=\"wpforms-405-field_2\" class=\"wpforms-field-medium wpforms-field-required\" name=\"wpforms[fields][2]\" required><\/textarea><\/div><\/div><!-- .wpforms-field-container --><div class=\"wpforms-recaptcha-container wpforms-is-recaptcha wpforms-is-recaptcha-type-v3\" ><input type=\"hidden\" name=\"wpforms[recaptcha]\" value=\"\"><\/div><div class=\"wpforms-submit-container\" ><input type=\"hidden\" name=\"wpforms[id]\" value=\"405\"><input type=\"hidden\" name=\"page_title\" value=\"\"><input type=\"hidden\" name=\"page_url\" value=\"https:\/\/esercizispirituali.com\/index.php?rest_route=\/wp\/v2\/pages\/527\"><input type=\"hidden\" name=\"url_referer\" value=\"\"><button type=\"submit\" name=\"wpforms[submit]\" id=\"wpforms-submit-405\" class=\"wpforms-submit\" data-alt-text=\"Invio...\" data-submit-text=\"Inviare\" aria-live=\"assertive\" value=\"wpforms-submit\">Inviare<\/button><img decoding=\"async\" src=\"https:\/\/esercizispirituali.com\/wp-content\/plugins\/wpforms-lite\/assets\/images\/submit-spin.svg\" class=\"wpforms-submit-spinner\" style=\"display: none;\" width=\"26\" height=\"26\" alt=\"Caricamento\"><\/div><\/form><\/div>  <!-- .wpforms-container -->\t\t\t\t<\/div>\n\t\t\t\t<\/div>\n\t\t\t\t<div class=\"elementor-element elementor-element-f88d247 elementor-widget elementor-widget-testimonial\" data-id=\"f88d247\" data-element_type=\"widget\" data-e-type=\"widget\" data-widget_type=\"testimonial.default\">\n\t\t\t\t<div class=\"elementor-widget-container\">\n\t\t\t\t\t\t\t<div class=\"elementor-testimonial-wrapper\">\n\t\t\t\t\t\t\t<div class=\"elementor-testimonial-content\">\"Faccia qualsiasi sacrificio per assistere agli Esercizi perch\u00e9 niente al mondo pu\u00f2 essere pi\u00f9 importante della conoscenza della volont\u00e0 di Dio\"\n<\/div>\n\t\t\t\n\t\t\t\t\t\t<div class=\"elementor-testimonial-meta elementor-has-image elementor-testimonial-image-position-top\">\n\t\t\t\t<div class=\"elementor-testimonial-meta-inner\">\n\t\t\t\t\t\t\t\t\t\t\t<div class=\"elementor-testimonial-image\">\n\t\t\t\t\t\t\t<img loading=\"lazy\" decoding=\"async\" width=\"234\" height=\"234\" src=\"https:\/\/esercizispirituali.com\/wp-content\/uploads\/2021\/08\/San-Alberto-Hurtado.jpg\" class=\"attachment-full size-full wp-image-404\" alt=\"\" srcset=\"https:\/\/esercizispirituali.com\/wp-content\/uploads\/2021\/08\/San-Alberto-Hurtado.jpg 234w, https:\/\/esercizispirituali.com\/wp-content\/uploads\/2021\/08\/San-Alberto-Hurtado-150x150.jpg 150w\" sizes=\"(max-width: 234px) 100vw, 234px\" \/>\t\t\t\t\t\t<\/div>\n\t\t\t\t\t\n\t\t\t\t\t\t\t\t\t\t<div class=\"elementor-testimonial-details\">\n\t\t\t\t\t\t\t\t\t\t\t\t\t\t<div class=\"elementor-testimonial-name\">Sant\u2019Alberto Hurtado<\/div>\n\t\t\t\t\t\t\t\t\t\t\t\t\t\t\t\t\t\t\t<\/div>\n\t\t\t\t\t\t\t\t\t<\/div>\n\t\t\t<\/div>\n\t\t\t\t\t<\/div>\n\t\t\t\t\t\t<\/div>\n\t\t\t\t<\/div>\n\t\t\t\t\t<\/div>\n\t\t<\/div>\n\t\t\t\t\t<\/div>\n\t\t<\/section>\n\t\t\t\t<\/div>\n\t\t","protected":false},"excerpt":{"rendered":"<p>Scegli una modalit\u00e0 Contattaci &#8220;Faccia qualsiasi sacrificio per assistere agli Esercizi perch\u00e9 niente al mondo pu\u00f2 essere pi\u00f9 importante della conoscenza della volont\u00e0 di Dio&#8221; Sant\u2019Alberto Hurtado<\/p>\n","protected":false},"author":1,"featured_media":0,"parent":0,"menu_order":0,"comment_status":"closed","ping_status":"closed","template":"","meta":{"footnotes":""},"class_list":["post-527","page","type-page","status-publish","hentry"],"yoast_head":"<!-- This site is optimized with the Yoast SEO plugin v27.3 - https:\/\/yoast.com\/product\/yoast-seo-wordpress\/ -->\n<title>Scegli una modalit\u00e0 - Esercizi Spirituali<\/title>\n<meta name=\"robots\" content=\"index, follow, max-snippet:-1, max-image-preview:large, max-video-preview:-1\" \/>\n<link rel=\"canonical\" href=\"https:\/\/esercizispirituali.com\/?page_id=527\" \/>\n<meta property=\"og:locale\" content=\"it_IT\" \/>\n<meta property=\"og:type\" content=\"article\" \/>\n<meta property=\"og:title\" content=\"Scegli una modalit\u00e0 - Esercizi Spirituali\" \/>\n<meta property=\"og:description\" content=\"Scegli una modalit\u00e0 Contattaci &#8220;Faccia qualsiasi sacrificio per assistere agli Esercizi perch\u00e9 niente al mondo pu\u00f2 essere pi\u00f9 importante della conoscenza della volont\u00e0 di Dio&#8221; Sant\u2019Alberto Hurtado\" \/>\n<meta property=\"og:url\" content=\"https:\/\/esercizispirituali.com\/?page_id=527\" \/>\n<meta property=\"og:site_name\" content=\"Esercizi Spirituali\" \/>\n<meta property=\"article:modified_time\" content=\"2022-07-13T14:55:57+00:00\" \/>\n<meta property=\"og:image\" content=\"https:\/\/esercizispirituali.com\/wp-content\/uploads\/2021\/08\/San-Alberto-Hurtado.jpg\" \/>\n<meta name=\"twitter:card\" content=\"summary_large_image\" \/>\n<script type=\"application\/ld+json\" class=\"yoast-schema-graph\">{\"@context\":\"https:\\\/\\\/schema.org\",\"@graph\":[{\"@type\":\"WebPage\",\"@id\":\"https:\\\/\\\/esercizispirituali.com\\\/?page_id=527\",\"url\":\"https:\\\/\\\/esercizispirituali.com\\\/?page_id=527\",\"name\":\"Scegli una modalit\u00e0 - Esercizi Spirituali\",\"isPartOf\":{\"@id\":\"https:\\\/\\\/esercizispirituali.com\\\/#website\"},\"primaryImageOfPage\":{\"@id\":\"https:\\\/\\\/esercizispirituali.com\\\/?page_id=527#primaryimage\"},\"image\":{\"@id\":\"https:\\\/\\\/esercizispirituali.com\\\/?page_id=527#primaryimage\"},\"thumbnailUrl\":\"https:\\\/\\\/esercizispirituali.com\\\/wp-content\\\/uploads\\\/2021\\\/08\\\/San-Alberto-Hurtado.jpg\",\"datePublished\":\"2021-08-03T12:36:06+00:00\",\"dateModified\":\"2022-07-13T14:55:57+00:00\",\"breadcrumb\":{\"@id\":\"https:\\\/\\\/esercizispirituali.com\\\/?page_id=527#breadcrumb\"},\"inLanguage\":\"it-IT\",\"potentialAction\":[{\"@type\":\"ReadAction\",\"target\":[\"https:\\\/\\\/esercizispirituali.com\\\/?page_id=527\"]}]},{\"@type\":\"ImageObject\",\"inLanguage\":\"it-IT\",\"@id\":\"https:\\\/\\\/esercizispirituali.com\\\/?page_id=527#primaryimage\",\"url\":\"https:\\\/\\\/esercizispirituali.com\\\/wp-content\\\/uploads\\\/2021\\\/08\\\/San-Alberto-Hurtado.jpg\",\"contentUrl\":\"https:\\\/\\\/esercizispirituali.com\\\/wp-content\\\/uploads\\\/2021\\\/08\\\/San-Alberto-Hurtado.jpg\",\"width\":234,\"height\":234},{\"@type\":\"BreadcrumbList\",\"@id\":\"https:\\\/\\\/esercizispirituali.com\\\/?page_id=527#breadcrumb\",\"itemListElement\":[{\"@type\":\"ListItem\",\"position\":1,\"name\":\"Inicio\",\"item\":\"https:\\\/\\\/esercizispirituali.com\\\/\"},{\"@type\":\"ListItem\",\"position\":2,\"name\":\"Scegli una modalit\u00e0\"}]},{\"@type\":\"WebSite\",\"@id\":\"https:\\\/\\\/esercizispirituali.com\\\/#website\",\"url\":\"https:\\\/\\\/esercizispirituali.com\\\/\",\"name\":\"Esercizi Spirituali\",\"description\":\"secondo Sant&#039;Ignazio di Loyola\",\"publisher\":{\"@id\":\"https:\\\/\\\/esercizispirituali.com\\\/#organization\"},\"potentialAction\":[{\"@type\":\"SearchAction\",\"target\":{\"@type\":\"EntryPoint\",\"urlTemplate\":\"https:\\\/\\\/esercizispirituali.com\\\/?s={search_term_string}\"},\"query-input\":{\"@type\":\"PropertyValueSpecification\",\"valueRequired\":true,\"valueName\":\"search_term_string\"}}],\"inLanguage\":\"it-IT\"},{\"@type\":\"Organization\",\"@id\":\"https:\\\/\\\/esercizispirituali.com\\\/#organization\",\"name\":\"Esercizi Spirituali\",\"url\":\"https:\\\/\\\/esercizispirituali.com\\\/\",\"logo\":{\"@type\":\"ImageObject\",\"inLanguage\":\"it-IT\",\"@id\":\"https:\\\/\\\/esercizispirituali.com\\\/#\\\/schema\\\/logo\\\/image\\\/\",\"url\":\"https:\\\/\\\/esercizispirituali.com\\\/wp-content\\\/uploads\\\/2022\\\/07\\\/cropped-Logo-ee-italiano-1.png\",\"contentUrl\":\"https:\\\/\\\/esercizispirituali.com\\\/wp-content\\\/uploads\\\/2022\\\/07\\\/cropped-Logo-ee-italiano-1.png\",\"width\":512,\"height\":512,\"caption\":\"Esercizi Spirituali\"},\"image\":{\"@id\":\"https:\\\/\\\/esercizispirituali.com\\\/#\\\/schema\\\/logo\\\/image\\\/\"}}]}<\/script>\n<!-- \/ Yoast SEO plugin. -->","yoast_head_json":{"title":"Scegli una modalit\u00e0 - Esercizi Spirituali","robots":{"index":"index","follow":"follow","max-snippet":"max-snippet:-1","max-image-preview":"max-image-preview:large","max-video-preview":"max-video-preview:-1"},"canonical":"https:\/\/esercizispirituali.com\/?page_id=527","og_locale":"it_IT","og_type":"article","og_title":"Scegli una modalit\u00e0 - Esercizi Spirituali","og_description":"Scegli una modalit\u00e0 Contattaci &#8220;Faccia qualsiasi sacrificio per assistere agli Esercizi perch\u00e9 niente al mondo pu\u00f2 essere pi\u00f9 importante della conoscenza della volont\u00e0 di Dio&#8221; Sant\u2019Alberto Hurtado","og_url":"https:\/\/esercizispirituali.com\/?page_id=527","og_site_name":"Esercizi Spirituali","article_modified_time":"2022-07-13T14:55:57+00:00","og_image":[{"url":"https:\/\/esercizispirituali.com\/wp-content\/uploads\/2021\/08\/San-Alberto-Hurtado.jpg","type":"","width":"","height":""}],"twitter_card":"summary_large_image","schema":{"@context":"https:\/\/schema.org","@graph":[{"@type":"WebPage","@id":"https:\/\/esercizispirituali.com\/?page_id=527","url":"https:\/\/esercizispirituali.com\/?page_id=527","name":"Scegli una modalit\u00e0 - Esercizi Spirituali","isPartOf":{"@id":"https:\/\/esercizispirituali.com\/#website"},"primaryImageOfPage":{"@id":"https:\/\/esercizispirituali.com\/?page_id=527#primaryimage"},"image":{"@id":"https:\/\/esercizispirituali.com\/?page_id=527#primaryimage"},"thumbnailUrl":"https:\/\/esercizispirituali.com\/wp-content\/uploads\/2021\/08\/San-Alberto-Hurtado.jpg","datePublished":"2021-08-03T12:36:06+00:00","dateModified":"2022-07-13T14:55:57+00:00","breadcrumb":{"@id":"https:\/\/esercizispirituali.com\/?page_id=527#breadcrumb"},"inLanguage":"it-IT","potentialAction":[{"@type":"ReadAction","target":["https:\/\/esercizispirituali.com\/?page_id=527"]}]},{"@type":"ImageObject","inLanguage":"it-IT","@id":"https:\/\/esercizispirituali.com\/?page_id=527#primaryimage","url":"https:\/\/esercizispirituali.com\/wp-content\/uploads\/2021\/08\/San-Alberto-Hurtado.jpg","contentUrl":"https:\/\/esercizispirituali.com\/wp-content\/uploads\/2021\/08\/San-Alberto-Hurtado.jpg","width":234,"height":234},{"@type":"BreadcrumbList","@id":"https:\/\/esercizispirituali.com\/?page_id=527#breadcrumb","itemListElement":[{"@type":"ListItem","position":1,"name":"Inicio","item":"https:\/\/esercizispirituali.com\/"},{"@type":"ListItem","position":2,"name":"Scegli una modalit\u00e0"}]},{"@type":"WebSite","@id":"https:\/\/esercizispirituali.com\/#website","url":"https:\/\/esercizispirituali.com\/","name":"Esercizi Spirituali","description":"secondo Sant&#039;Ignazio di Loyola","publisher":{"@id":"https:\/\/esercizispirituali.com\/#organization"},"potentialAction":[{"@type":"SearchAction","target":{"@type":"EntryPoint","urlTemplate":"https:\/\/esercizispirituali.com\/?s={search_term_string}"},"query-input":{"@type":"PropertyValueSpecification","valueRequired":true,"valueName":"search_term_string"}}],"inLanguage":"it-IT"},{"@type":"Organization","@id":"https:\/\/esercizispirituali.com\/#organization","name":"Esercizi Spirituali","url":"https:\/\/esercizispirituali.com\/","logo":{"@type":"ImageObject","inLanguage":"it-IT","@id":"https:\/\/esercizispirituali.com\/#\/schema\/logo\/image\/","url":"https:\/\/esercizispirituali.com\/wp-content\/uploads\/2022\/07\/cropped-Logo-ee-italiano-1.png","contentUrl":"https:\/\/esercizispirituali.com\/wp-content\/uploads\/2022\/07\/cropped-Logo-ee-italiano-1.png","width":512,"height":512,"caption":"Esercizi Spirituali"},"image":{"@id":"https:\/\/esercizispirituali.com\/#\/schema\/logo\/image\/"}}]}},"jetpack-related-posts":[{"id":307,"url":"https:\/\/esercizispirituali.com\/","url_meta":{"origin":527,"position":0},"title":"Inizio","author":"administrador","date":"13 Gennaio, 2020","format":false,"excerpt":"\u201cGli Esercizi Spirituali sono quanto di meglio possa pensare, sentire e comprendere in questa vita, sia perch\u00e9 l\u2019uomo possa giovare a se stesso, sia perch\u00e9 possa portare frutto, aiutare e giovare a molti altri\u201d Sant\u2019Ignazio di Loyola Approfitta di questa QuaresimaFai gli esercizi spirituali onlinea partire dal Mercoled\u00ec delle Ceneri\u2026","rel":"","context":"Articolo simile","block_context":{"text":"Articolo simile","link":""},"img":{"alt_text":"","src":"https:\/\/i0.wp.com\/esercizispirituali.com\/wp-content\/uploads\/2021\/08\/Front03.jpg?resize=350%2C200&ssl=1","width":350,"height":200,"srcset":"https:\/\/i0.wp.com\/esercizispirituali.com\/wp-content\/uploads\/2021\/08\/Front03.jpg?resize=350%2C200&ssl=1 1x, https:\/\/i0.wp.com\/esercizispirituali.com\/wp-content\/uploads\/2021\/08\/Front03.jpg?resize=525%2C300&ssl=1 1.5x, https:\/\/i0.wp.com\/esercizispirituali.com\/wp-content\/uploads\/2021\/08\/Front03.jpg?resize=700%2C400&ssl=1 2x"},"classes":[]},{"id":69,"url":"https:\/\/esercizispirituali.com\/?page_id=69","url_meta":{"origin":527,"position":1},"title":"\u00bfCome fargli?","author":"administrador","date":"27 Gennaio, 2020","format":false,"excerpt":"\u00bfCome fargli? Come fare gli Esercizi Spirituali attraverso internet? Gli Esercizi tipici sono stati pensati per un periodo di 30 giorni, ma lo stesso Sant'Ignazio offr\u00ec diversi adattamenti, motivo per cui di solito vengono proposte versioni ridotte fino a soli 3 giorni di ritiro.La cosa ottima \u00e8 fare gli Esercizi\u2026","rel":"","context":"Articolo simile","block_context":{"text":"Articolo simile","link":""},"img":{"alt_text":"","src":"","width":0,"height":0},"classes":[]}],"jetpack_sharing_enabled":true,"_links":{"self":[{"href":"https:\/\/esercizispirituali.com\/index.php?rest_route=\/wp\/v2\/pages\/527","targetHints":{"allow":["GET"]}}],"collection":[{"href":"https:\/\/esercizispirituali.com\/index.php?rest_route=\/wp\/v2\/pages"}],"about":[{"href":"https:\/\/esercizispirituali.com\/index.php?rest_route=\/wp\/v2\/types\/page"}],"author":[{"embeddable":true,"href":"https:\/\/esercizispirituali.com\/index.php?rest_route=\/wp\/v2\/users\/1"}],"replies":[{"embeddable":true,"href":"https:\/\/esercizispirituali.com\/index.php?rest_route=%2Fwp%2Fv2%2Fcomments&post=527"}],"version-history":[{"count":20,"href":"https:\/\/esercizispirituali.com\/index.php?rest_route=\/wp\/v2\/pages\/527\/revisions"}],"predecessor-version":[{"id":903,"href":"https:\/\/esercizispirituali.com\/index.php?rest_route=\/wp\/v2\/pages\/527\/revisions\/903"}],"wp:attachment":[{"href":"https:\/\/esercizispirituali.com\/index.php?rest_route=%2Fwp%2Fv2%2Fmedia&parent=527"}],"curies":[{"name":"wp","href":"https:\/\/api.w.org\/{rel}","templated":true}]}}